{"id":341,"date":"2025-08-12T22:47:14","date_gmt":"2025-08-12T20:47:14","guid":{"rendered":"https:\/\/parcoursinfo.com\/?page_id=341"},"modified":"2025-08-13T01:14:45","modified_gmt":"2025-08-12T23:14:45","slug":"simpliquer","status":"publish","type":"page","link":"https:\/\/parcoursinfo.com\/en\/simpliquer\/","title":{"rendered":"s&rsquo;impliquer"},"content":{"rendered":"<h1 class=\"wp-block-heading\">Get Involved with Parcours'Info<\/h1>\n\n\n\n<p>Join our media team and help make information about educational guidance accessible to all!<\/p>\n\n\n\n<p>Parcours'Info is a&nbsp;<strong>independent educational media outlet<\/strong>&nbsp;that produces informational content on academic and career guidance. Our mission: to make educational information accessible to everyone, everywhere in France.<\/p>\n\n\n\n<p><\/p>\n\n\n\n<h3 class=\"wp-block-heading\">Our impact:<\/h3>\n\n\n\n<ul class=\"wp-block-list\">\n<li><strong>Young people<\/strong>&nbsp;Informed every month<\/li>\n\n\n\n<li><strong>Families guided<\/strong>&nbsp;in their orientation choices<\/li>\n\n\n\n<li><strong>Education professionals<\/strong>&nbsp;supported in their mission<\/li>\n\n\n\n<li><strong>Quality<\/strong>&nbsp;, independent information<\/li>\n<\/ul>\n\n\n\n<p><\/p>\n\n\n\n<h3 class=\"wp-block-heading\">How to get involved?<\/h3>\n\n\n\n<p><\/p>\n\n\n\n<div class=\"wp-block-columns are-vertically-aligned-top is-layout-flex wp-container-core-columns-is-layout-28f84493 wp-block-columns-is-layout-flex\">\n<div class=\"wp-block-column is-vertically-aligned-top has-border-color has-background-border-color has-quaternary-background-color has-background has-global-padding is-layout-constrained wp-container-core-column-is-layout-ce8a117f wp-block-column-is-layout-constrained\" style=\"border-width:9px;border-radius:37px;padding-top:var(--wp--preset--spacing--x-small);padding-right:var(--wp--preset--spacing--x-small);padding-bottom:var(--wp--preset--spacing--x-small);padding-left:var(--wp--preset--spacing--x-small)\">\n<h3 class=\"wp-block-heading has-text-align-center\" style=\"border-style:none;border-width:0px;border-radius:0px\">Join the Production Team<\/h3>\n\n\n\n<p><strong>Create with us<\/strong><br><br>Journalism, video, graphic design, writing\u2026 Join Parcours\u2019Info and contribute to our investigations, interviews, and reports. No experience needed\u2014just the desire to participate and to tell stories that matter.<\/p>\n\n\n\n<div class=\"wp-block-buttons is-content-justification-center is-layout-flex wp-container-core-buttons-is-layout-a89b3969 wp-block-buttons-is-layout-flex\">\n<div class=\"wp-block-button\"><a class=\"wp-block-button__link wp-element-button\" href=\"https:\/\/parcoursinfo.com\/en\/?page_id=349\" style=\"border-radius:37px;padding-top:var(--wp--preset--spacing--x-small);padding-right:var(--wp--preset--spacing--x-small);padding-bottom:var(--wp--preset--spacing--x-small);padding-left:var(--wp--preset--spacing--x-small)\">I'm joining the team<\/a><\/div>\n<\/div>\n<\/div>\n\n\n\n<div class=\"wp-block-column is-vertically-aligned-top has-border-color has-background-border-color has-quaternary-background-color has-background is-layout-flow wp-block-column-is-layout-flow\" style=\"border-width:9px;border-radius:37px;padding-top:var(--wp--preset--spacing--x-small);padding-right:var(--wp--preset--spacing--x-small);padding-bottom:var(--wp--preset--spacing--x-small);padding-left:var(--wp--preset--spacing--x-small)\">\n<h3 class=\"wp-block-heading has-text-align-center\">Share Your Story in Our Interviews<\/h3>\n\n\n\n<p><strong>Inspire through your journey<\/strong><br><br>Students, education professionals, experts: share your story and help young people discover new paths. Successes, career changes, innovations\u2026 your voice can inspire a generation.<br><\/p>\n\n\n\n<div class=\"wp-block-buttons is-content-justification-center is-layout-flex wp-container-core-buttons-is-layout-a89b3969 wp-block-buttons-is-layout-flex\">\n<div class=\"wp-block-button\"><a class=\"wp-block-button__link wp-element-button\" href=\"https:\/\/parcoursinfo.com\/en\/?page_id=350\" style=\"border-radius:37px;padding-top:var(--wp--preset--spacing--x-small);padding-right:var(--wp--preset--spacing--x-small);padding-bottom:var(--wp--preset--spacing--x-small);padding-left:var(--wp--preset--spacing--x-small)\">I'm offering my testimony<\/a><\/div>\n<\/div>\n<\/div>\n<\/div>\n\n\n\n<div style=\"height:0px\" aria-hidden=\"true\" class=\"wp-block-spacer\"><\/div>\n\n\n\n<div class=\"wp-block-columns is-layout-flex wp-container-core-columns-is-layout-28f84493 wp-block-columns-is-layout-flex\">\n<div class=\"wp-block-column has-border-color has-background-border-color has-quaternary-background-color has-background is-layout-flow wp-block-column-is-layout-flow\" style=\"border-width:9px;border-radius:37px;padding-top:var(--wp--preset--spacing--x-small);padding-right:var(--wp--preset--spacing--x-small);padding-bottom:var(--wp--preset--spacing--x-small);padding-left:var(--wp--preset--spacing--x-small)\">\n<h3 class=\"wp-block-heading has-text-align-center\">Support Our Independence<\/h3>\n\n\n\n<p><strong>Fund Free information<\/strong><\/p>\n\n\n\n<p>Parcours\u2019Info refuses any funding that compromises its objectivity. Your donations, even small ones, fund investigations, reports, and interviews. Every euro has a direct impact on our mission.<\/p>\n\n\n\n<div class=\"wp-block-buttons is-content-justification-center is-layout-flex wp-container-core-buttons-is-layout-a89b3969 wp-block-buttons-is-layout-flex\">\n<div class=\"wp-block-button\"><a class=\"wp-block-button__link wp-element-button\" href=\"http:\/\/ko-fi.com\/parcoursinfo\" style=\"border-radius:37px;padding-top:var(--wp--preset--spacing--x-small);padding-right:var(--wp--preset--spacing--x-small);padding-bottom:var(--wp--preset--spacing--x-small);padding-left:var(--wp--preset--spacing--x-small)\">I\u2019m making a donation<\/a><\/div>\n<\/div>\n<\/div>\n\n\n\n<div class=\"wp-block-column has-border-color has-background-border-color has-quaternary-background-color has-background is-layout-flow wp-block-column-is-layout-flow\" style=\"border-width:9px;border-radius:37px;padding-top:var(--wp--preset--spacing--x-small);padding-right:var(--wp--preset--spacing--x-small);padding-bottom:var(--wp--preset--spacing--x-small);padding-left:var(--wp--preset--spacing--x-small)\">\n<h3 class=\"wp-block-heading has-text-align-center\">Become an Ambassador<\/h3>\n\n\n\n<p><strong>Spread the Word<\/strong><br><br>Teachers, counselors, principals, education enthusiasts: help us spread the word about Parcours\u2019Info. Share our resources, invite us to your institutions, and expand our impact.<\/p>\n\n\n\n<div class=\"wp-block-buttons is-content-justification-center is-layout-flex wp-container-core-buttons-is-layout-a89b3969 wp-block-buttons-is-layout-flex\">\n<div class=\"wp-block-button\"><a class=\"wp-block-button__link wp-element-button\" href=\"https:\/\/parcoursinfo.com\/en\/?page_id=351\" style=\"border-radius:37px;padding-top:var(--wp--preset--spacing--x-small);padding-right:var(--wp--preset--spacing--x-small);padding-bottom:var(--wp--preset--spacing--x-small);padding-left:var(--wp--preset--spacing--x-small)\">I\u2019m becoming an ambassador<\/a><\/div>\n<\/div>\n<\/div>\n<\/div>\n\n\n\n<div style=\"height:0px\" aria-hidden=\"true\" class=\"wp-block-spacer\"><\/div>\n\n\n\n<div class=\"wp-block-columns is-layout-flex wp-container-core-columns-is-layout-28f84493 wp-block-columns-is-layout-flex\">\n<div class=\"wp-block-column has-border-color has-background-border-color has-quaternary-background-color has-background is-layout-flow wp-block-column-is-layout-flow\" style=\"border-width:9px;border-radius:37px;padding-top:var(--wp--preset--spacing--x-small);padding-right:var(--wp--preset--spacing--x-small);padding-bottom:var(--wp--preset--spacing--x-small);padding-left:var(--wp--preset--spacing--x-small)\">\n<h3 class=\"wp-block-heading has-text-align-center\">Promote online<\/h3>\n\n\n\n<p><strong>Share Our Content<\/strong><\/p>\n\n\n\n<p>Join our communities, share our posts with #ParcoursInfo, and take part in our discussions. Your online engagement amplifies our investigations and stories.<\/p>\n<\/div>\n\n\n\n<div class=\"wp-block-column has-border-color has-background-border-color has-quaternary-background-color has-background is-layout-flow wp-block-column-is-layout-flow\" style=\"border-width:9px;border-radius:37px;padding-top:var(--wp--preset--spacing--x-small);padding-right:var(--wp--preset--spacing--x-small);padding-bottom:var(--wp--preset--spacing--x-small);padding-left:var(--wp--preset--spacing--x-small)\">\n<h3 class=\"wp-block-heading has-text-align-center\">Use Our Content<\/h3>\n\n\n\n<p><strong>Reference Us<\/strong><br><\/p>\n\n\n\n<p>Students, journalists, experts: use our investigations and analyses as reliable sources. Each citation strengthens our visibility and supports our educational mission. However, please make sure to contact us beforehand so we can be informed and agree on the terms of use.<\/p>\n<\/div>\n<\/div>\n\n\n\n<div style=\"height:50px\" aria-hidden=\"true\" class=\"wp-block-spacer\"><\/div>\n\n\n\n<hr class=\"wp-block-separator has-text-color has-base-color has-alpha-channel-opacity has-base-background-color has-background is-style-wide\"\/>\n\n\n\n<h2 class=\"wp-block-heading has-text-align-center\">Our Star Contributors<\/h2>\n\n\n\n<p><em>Each month, we spotlight our most active contributors and our most inspiring storytellers.<\/em><\/p>\n\n\n\n<h3 class=\"wp-block-heading has-text-align-center\"><strong>Hall of Fame<\/strong><\/h3>\n\n\n\n<ul class=\"wp-block-list\">\n<li><strong>Sandrine, donor <\/strong>&#8211; \u00ab\u00a0Belle activit\u00e9, beau projet \ud83d\udc4f\u00a0\u00bb<\/li>\n\n\n\n<li><strong>Papoi, donor<\/strong> &#8211; \u00ab\u00a0All the best \ud83d\ude00\u00a0\u00bb<\/li>\n<\/ul>\n\n\n\n<p><em>Your name could be here next month!<\/em><\/p>\n\n\n\n<hr class=\"wp-block-separator has-text-color has-base-color has-alpha-channel-opacity has-base-background-color has-background is-style-wide\"\/>\n\n\n\n<h2 class=\"wp-block-heading has-text-align-center\">Team Contact<\/h2>\n\n\n\n<p><strong>Castings:<\/strong><br>Email:&nbsp;<a href=\"mailto:equipe@parcoursinfo.com\">castings@parcoursinfo.com<\/a><\/p>\n\n\n\n<p><strong>Coordination:<\/strong><br>Email:\u00a0<a href=\"mailto:equipe@parcoursinfo.com\">coordination@parcoursinfo.com<\/a><\/p>\n\n\n\n<p><strong>Questions g\u00e9n\u00e9rales :<\/strong><br>Email:&nbsp;<a href=\"mailto:contact@parcoursinfo.com\">contact@parcoursinfo.com<\/a><\/p>\n\n\n\n<div style=\"height:10px\" aria-hidden=\"true\" class=\"wp-block-spacer\"><\/div>\n\n\n\n<h2 class=\"wp-block-heading has-text-align-center\">Together, let\u2019s build the educational media of tomorrow!<\/h2>\n\n\n\n<h3 class=\"wp-block-heading has-text-align-center\"><em>Quality educational information is everyone\u2019s business. Join the movement!<\/em><\/h3>\n\n\n\n<div class=\"wp-block-columns is-layout-flex wp-container-core-columns-is-layout-28f84493 wp-block-columns-is-layout-flex\">\n<div class=\"wp-block-column is-vertically-aligned-stretch is-layout-flow wp-block-column-is-layout-flow\">\n<div class=\"wp-block-buttons is-content-justification-center is-layout-flex wp-container-core-buttons-is-layout-a89b3969 wp-block-buttons-is-layout-flex\">\n<div class=\"wp-block-button\"><a class=\"wp-block-button__link wp-element-button\" href=\"mailto:coordination@parcoursinfo.com\" style=\"border-radius:37px\">GET INVOLVED NOW!<\/a><\/div>\n<\/div>\n\n\n\n<div class=\"wp-block-buttons is-content-justification-center is-layout-flex wp-container-core-buttons-is-layout-a89b3969 wp-block-buttons-is-layout-flex\">\n<div class=\"wp-block-button\"><a class=\"wp-block-button__link wp-element-button\" href=\"http:\/\/ko-fi.com\/parcoursinfo\" style=\"border-radius:37px\">MAKE A DONATION<\/a><\/div>\n<\/div>\n<\/div>\n<\/div>","protected":false},"excerpt":{"rendered":"<p>S&rsquo;impliquer avec Parcours&rsquo;Info Rejoignez notre \u00e9quipe m\u00e9dia et contribuez \u00e0 d\u00e9mocratiser l&rsquo;information sur l&rsquo;orientation \u00e9ducative ! Parcours&rsquo;Info est un&nbsp;m\u00e9dia \u00e9ducatif ind\u00e9pendant&nbsp;qui produit des contenus d&rsquo;information sur l&rsquo;orientation scolaire et professionnelle. Notre mission : rendre l&rsquo;information \u00e9ducative accessible \u00e0 tous, partout en France. Notre impact : Comment s&rsquo;impliquer ? Rejoindre l&rsquo;\u00e9quipe de production Cr\u00e9ez avec nous [&hellip;]<\/p>","protected":false},"author":1,"featured_media":0,"parent":0,"menu_order":0,"comment_status":"closed","ping_status":"closed","template":"no-title-space","meta":{"footnotes":""},"class_list":["post-341","page","type-page","status-publish","hentry"],"_links":{"self":[{"href":"https:\/\/parcoursinfo.com\/en\/wp-json\/wp\/v2\/pages\/341","targetHints":{"allow":["GET"]}}],"collection":[{"href":"https:\/\/parcoursinfo.com\/en\/wp-json\/wp\/v2\/pages"}],"about":[{"href":"https:\/\/parcoursinfo.com\/en\/wp-json\/wp\/v2\/types\/page"}],"author":[{"embeddable":true,"href":"https:\/\/parcoursinfo.com\/en\/wp-json\/wp\/v2\/users\/1"}],"replies":[{"embeddable":true,"href":"https:\/\/parcoursinfo.com\/en\/wp-json\/wp\/v2\/comments?post=341"}],"version-history":[{"count":10,"href":"https:\/\/parcoursinfo.com\/en\/wp-json\/wp\/v2\/pages\/341\/revisions"}],"predecessor-version":[{"id":400,"href":"https:\/\/parcoursinfo.com\/en\/wp-json\/wp\/v2\/pages\/341\/revisions\/400"}],"wp:attachment":[{"href":"https:\/\/parcoursinfo.com\/en\/wp-json\/wp\/v2\/media?parent=341"}],"curies":[{"name":"wp","href":"https:\/\/api.w.org\/{rel}","templated":true}]}}