{"id":341,"date":"2025-08-12T22:47:14","date_gmt":"2025-08-12T20:47:14","guid":{"rendered":"https:\/\/parcoursinfo.com\/?page_id=341"},"modified":"2025-08-13T01:14:45","modified_gmt":"2025-08-12T23:14:45","slug":"simpliquer","status":"publish","type":"page","link":"https:\/\/parcoursinfo.com\/fr\/simpliquer\/","title":{"rendered":"s&rsquo;impliquer"},"content":{"rendered":"\n<h1 class=\"wp-block-heading\">S&rsquo;impliquer avec Parcours&rsquo;Info<\/h1>\n\n\n\n<p>Rejoignez notre \u00e9quipe m\u00e9dia et contribuez \u00e0 d\u00e9mocratiser l&rsquo;information sur l&rsquo;orientation \u00e9ducative !<\/p>\n\n\n\n<p>Parcours&rsquo;Info est un&nbsp;<strong>m\u00e9dia \u00e9ducatif ind\u00e9pendant<\/strong>&nbsp;qui produit des contenus d&rsquo;information sur l&rsquo;orientation scolaire et professionnelle. Notre mission : rendre l&rsquo;information \u00e9ducative accessible \u00e0 tous, partout en France.<\/p>\n\n\n\n<p><\/p>\n\n\n\n<h3 class=\"wp-block-heading\">Notre impact :<\/h3>\n\n\n\n<ul class=\"wp-block-list\">\n<li><strong>Des jeunes<\/strong>&nbsp;inform\u00e9s chaque mois<\/li>\n\n\n\n<li><strong>Des familles \u00e9clair\u00e9es<\/strong>&nbsp;dans leurs choix d&rsquo;orientation<\/li>\n\n\n\n<li><strong>Des professionnels de l&rsquo;\u00e9ducation<\/strong>&nbsp;soutenus dans leur mission<\/li>\n\n\n\n<li><strong>Une information de qualit\u00e9<\/strong>&nbsp;et ind\u00e9pendante<\/li>\n<\/ul>\n\n\n\n<p><\/p>\n\n\n\n<h3 class=\"wp-block-heading\">Comment s&rsquo;impliquer ?<\/h3>\n\n\n\n<p><\/p>\n\n\n\n<div class=\"wp-block-columns are-vertically-aligned-top is-layout-flex wp-container-core-columns-is-layout-28f84493 wp-block-columns-is-layout-flex\">\n<div class=\"wp-block-column is-vertically-aligned-top has-border-color has-background-border-color has-quaternary-background-color has-background has-global-padding is-layout-constrained wp-container-core-column-is-layout-ce8a117f wp-block-column-is-layout-constrained\" style=\"border-width:9px;border-radius:37px;padding-top:var(--wp--preset--spacing--x-small);padding-right:var(--wp--preset--spacing--x-small);padding-bottom:var(--wp--preset--spacing--x-small);padding-left:var(--wp--preset--spacing--x-small)\">\n<h3 class=\"wp-block-heading has-text-align-center\" style=\"border-style:none;border-width:0px;border-radius:0px\">Rejoindre l&rsquo;\u00e9quipe de production<\/h3>\n\n\n\n<p><strong>Cr\u00e9ez avec nous<\/strong><br><br>Journalisme, vid\u00e9o, graphisme, r\u00e9daction\u2026 Rejoignez Parcours\u2019Info et contribuez \u00e0 nos enqu\u00eates, interviews et reportages. Pas besoin d\u2019exp\u00e9rience, juste l\u2019envie de participer et de raconter des histoires qui comptent.<\/p>\n\n\n\n<div class=\"wp-block-buttons is-content-justification-center is-layout-flex wp-container-core-buttons-is-layout-a89b3969 wp-block-buttons-is-layout-flex\">\n<div class=\"wp-block-button\"><a class=\"wp-block-button__link wp-element-button\" href=\"https:\/\/parcoursinfo.com\/?page_id=349\" style=\"border-radius:37px;padding-top:var(--wp--preset--spacing--x-small);padding-right:var(--wp--preset--spacing--x-small);padding-bottom:var(--wp--preset--spacing--x-small);padding-left:var(--wp--preset--spacing--x-small)\">Je rejoins l&rsquo;\u00e9quipe<\/a><\/div>\n<\/div>\n<\/div>\n\n\n\n<div class=\"wp-block-column is-vertically-aligned-top has-border-color has-background-border-color has-quaternary-background-color has-background is-layout-flow wp-block-column-is-layout-flow\" style=\"border-width:9px;border-radius:37px;padding-top:var(--wp--preset--spacing--x-small);padding-right:var(--wp--preset--spacing--x-small);padding-bottom:var(--wp--preset--spacing--x-small);padding-left:var(--wp--preset--spacing--x-small)\">\n<h3 class=\"wp-block-heading has-text-align-center\">T\u00e9moigner dans nos interviews<\/h3>\n\n\n\n<p><strong>Inspirez par votre parcours<\/strong><br><br>\u00c9tudiants, pros de l\u2019\u00e9ducation, experts : partagez votre histoire et aidez les jeunes \u00e0 d\u00e9couvrir de nouvelles voies. R\u00e9ussites, reconversions, innovations\u2026 votre voix peut marquer une g\u00e9n\u00e9ration.<br><\/p>\n\n\n\n<div class=\"wp-block-buttons is-content-justification-center is-layout-flex wp-container-core-buttons-is-layout-a89b3969 wp-block-buttons-is-layout-flex\">\n<div class=\"wp-block-button\"><a class=\"wp-block-button__link wp-element-button\" href=\"https:\/\/parcoursinfo.com\/?page_id=350\" style=\"border-radius:37px;padding-top:var(--wp--preset--spacing--x-small);padding-right:var(--wp--preset--spacing--x-small);padding-bottom:var(--wp--preset--spacing--x-small);padding-left:var(--wp--preset--spacing--x-small)\">Je propose mon t\u00e9moignage<\/a><\/div>\n<\/div>\n<\/div>\n<\/div>\n\n\n\n<div style=\"height:0px\" aria-hidden=\"true\" class=\"wp-block-spacer\"><\/div>\n\n\n\n<div class=\"wp-block-columns is-layout-flex wp-container-core-columns-is-layout-28f84493 wp-block-columns-is-layout-flex\">\n<div class=\"wp-block-column has-border-color has-background-border-color has-quaternary-background-color has-background is-layout-flow wp-block-column-is-layout-flow\" style=\"border-width:9px;border-radius:37px;padding-top:var(--wp--preset--spacing--x-small);padding-right:var(--wp--preset--spacing--x-small);padding-bottom:var(--wp--preset--spacing--x-small);padding-left:var(--wp--preset--spacing--x-small)\">\n<h3 class=\"wp-block-heading has-text-align-center\">Soutenir notre ind\u00e9pendance<\/h3>\n\n\n\n<p><strong>Financer l\u2019info libre<\/strong><\/p>\n\n\n\n<p>Parcours\u2019Info refuse tout financement qui compromet son objectivit\u00e9. Vos dons, m\u00eame petits, financent enqu\u00eates, reportages et interviews. Chaque euro a un impact direct sur notre mission.<\/p>\n\n\n\n<div class=\"wp-block-buttons is-content-justification-center is-layout-flex wp-container-core-buttons-is-layout-a89b3969 wp-block-buttons-is-layout-flex\">\n<div class=\"wp-block-button\"><a class=\"wp-block-button__link wp-element-button\" href=\"http:\/\/ko-fi.com\/parcoursinfo\" style=\"border-radius:37px;padding-top:var(--wp--preset--spacing--x-small);padding-right:var(--wp--preset--spacing--x-small);padding-bottom:var(--wp--preset--spacing--x-small);padding-left:var(--wp--preset--spacing--x-small)\">Je fais un don<\/a><\/div>\n<\/div>\n<\/div>\n\n\n\n<div class=\"wp-block-column has-border-color has-background-border-color has-quaternary-background-color has-background is-layout-flow wp-block-column-is-layout-flow\" style=\"border-width:9px;border-radius:37px;padding-top:var(--wp--preset--spacing--x-small);padding-right:var(--wp--preset--spacing--x-small);padding-bottom:var(--wp--preset--spacing--x-small);padding-left:var(--wp--preset--spacing--x-small)\">\n<h3 class=\"wp-block-heading has-text-align-center\">Devenir ambassadeur<\/h3>\n\n\n\n<p><strong>Faites passer le mot<\/strong><br><br>Profs, conseillers, directeurs, passionn\u00e9s d\u2019\u00e9ducation : aidez-nous \u00e0 faire conna\u00eetre Parcours\u2019Info. Partagez nos ressources, invitez-nous dans vos \u00e9tablissements et \u00e9largissez notre impact.<\/p>\n\n\n\n<div class=\"wp-block-buttons is-content-justification-center is-layout-flex wp-container-core-buttons-is-layout-a89b3969 wp-block-buttons-is-layout-flex\">\n<div class=\"wp-block-button\"><a class=\"wp-block-button__link wp-element-button\" href=\"https:\/\/parcoursinfo.com\/?page_id=351\" style=\"border-radius:37px;padding-top:var(--wp--preset--spacing--x-small);padding-right:var(--wp--preset--spacing--x-small);padding-bottom:var(--wp--preset--spacing--x-small);padding-left:var(--wp--preset--spacing--x-small)\">Je deviens ambassadeur<\/a><\/div>\n<\/div>\n<\/div>\n<\/div>\n\n\n\n<div style=\"height:0px\" aria-hidden=\"true\" class=\"wp-block-spacer\"><\/div>\n\n\n\n<div class=\"wp-block-columns is-layout-flex wp-container-core-columns-is-layout-28f84493 wp-block-columns-is-layout-flex\">\n<div class=\"wp-block-column has-border-color has-background-border-color has-quaternary-background-color has-background is-layout-flow wp-block-column-is-layout-flow\" style=\"border-width:9px;border-radius:37px;padding-top:var(--wp--preset--spacing--x-small);padding-right:var(--wp--preset--spacing--x-small);padding-bottom:var(--wp--preset--spacing--x-small);padding-left:var(--wp--preset--spacing--x-small)\">\n<h3 class=\"wp-block-heading has-text-align-center\">Promouvoir en ligne<\/h3>\n\n\n\n<p><strong>Diffusez nos contenus<\/strong><\/p>\n\n\n\n<p>Rejoignez nos communaut\u00e9s, partagez nos posts avec #ParcoursInfo et participez \u00e0 nos discussions. Votre engagement en ligne amplifie nos enqu\u00eates et t\u00e9moignages.<\/p>\n<\/div>\n\n\n\n<div class=\"wp-block-column has-border-color has-background-border-color has-quaternary-background-color has-background is-layout-flow wp-block-column-is-layout-flow\" style=\"border-width:9px;border-radius:37px;padding-top:var(--wp--preset--spacing--x-small);padding-right:var(--wp--preset--spacing--x-small);padding-bottom:var(--wp--preset--spacing--x-small);padding-left:var(--wp--preset--spacing--x-small)\">\n<h3 class=\"wp-block-heading has-text-align-center\">Utilisez nos contenus<\/h3>\n\n\n\n<p><strong>Faites-nous r\u00e9f\u00e9rence<\/strong><br><\/p>\n\n\n\n<p>\u00c9tudiants, journalistes, experts : utilisez nos enqu\u00eates et analyses comme sources fiables. Chaque citation renforce notre visibilit\u00e9 et soutient notre mission \u00e9ducative. Veillez malgr\u00e9 tout \u00e0 nous contacter pour pouvoir nous pr\u00e9venir et faire en sorte de s&rsquo;entendre sur les termes de l&rsquo;utilisation.<\/p>\n<\/div>\n<\/div>\n\n\n\n<div style=\"height:50px\" aria-hidden=\"true\" class=\"wp-block-spacer\"><\/div>\n\n\n\n<hr class=\"wp-block-separator has-text-color has-base-color has-alpha-channel-opacity has-base-background-color has-background is-style-wide\"\/>\n\n\n\n<h2 class=\"wp-block-heading has-text-align-center\">Nos contributeurs stars<\/h2>\n\n\n\n<p><em>Chaque mois, nous mettons \u00e0 l&rsquo;honneur nos contributeurs les plus actifs et nos t\u00e9moins les plus inspirants.<\/em><\/p>\n\n\n\n<h3 class=\"wp-block-heading has-text-align-center\"><strong>Hall of Fame<\/strong><\/h3>\n\n\n\n<ul class=\"wp-block-list\">\n<li><strong>Sandrine, donatrice <\/strong>&#8211; \u00ab\u00a0Belle activit\u00e9, beau projet \ud83d\udc4f\u00a0\u00bb<\/li>\n\n\n\n<li><strong>Papoi, donateur<\/strong> &#8211; \u00ab\u00a0All the best \ud83d\ude00\u00a0\u00bb<\/li>\n<\/ul>\n\n\n\n<p><em>Votre nom pourrait \u00eatre ici le mois prochain !<\/em><\/p>\n\n\n\n<hr class=\"wp-block-separator has-text-color has-base-color has-alpha-channel-opacity has-base-background-color has-background is-style-wide\"\/>\n\n\n\n<h2 class=\"wp-block-heading has-text-align-center\">Contact \u00e9quipe<\/h2>\n\n\n\n<p><strong>Castings :<\/strong><br>Email :&nbsp;<a href=\"mailto:equipe@parcoursinfo.com\">castings@parcoursinfo.com<\/a><\/p>\n\n\n\n<p><strong>Coordination :<\/strong><br>Email :\u00a0<a href=\"mailto:equipe@parcoursinfo.com\">coordination@parcoursinfo.com<\/a><\/p>\n\n\n\n<p><strong>Questions g\u00e9n\u00e9rales :<\/strong><br>Email :&nbsp;<a href=\"mailto:contact@parcoursinfo.com\">contact@parcoursinfo.com<\/a><\/p>\n\n\n\n<div style=\"height:10px\" aria-hidden=\"true\" class=\"wp-block-spacer\"><\/div>\n\n\n\n<h2 class=\"wp-block-heading has-text-align-center\">Ensemble, construisons le m\u00e9dia \u00e9ducatif de demain !<\/h2>\n\n\n\n<h3 class=\"wp-block-heading has-text-align-center\"><em>L&rsquo;information \u00e9ducative de qualit\u00e9, c&rsquo;est l&rsquo;affaire de tous. Rejoignez le mouvement !<\/em><\/h3>\n\n\n\n<div class=\"wp-block-columns is-layout-flex wp-container-core-columns-is-layout-28f84493 wp-block-columns-is-layout-flex\">\n<div class=\"wp-block-column is-vertically-aligned-stretch is-layout-flow wp-block-column-is-layout-flow\">\n<div class=\"wp-block-buttons is-content-justification-center is-layout-flex wp-container-core-buttons-is-layout-a89b3969 wp-block-buttons-is-layout-flex\">\n<div class=\"wp-block-button\"><a class=\"wp-block-button__link wp-element-button\" href=\"mailto:coordination@parcoursinfo.com\" style=\"border-radius:37px\">S&rsquo;IMPLIQUER MAINTENANT !<\/a><\/div>\n<\/div>\n\n\n\n<div class=\"wp-block-buttons is-content-justification-center is-layout-flex wp-container-core-buttons-is-layout-a89b3969 wp-block-buttons-is-layout-flex\">\n<div class=\"wp-block-button\"><a class=\"wp-block-button__link wp-element-button\" href=\"http:\/\/ko-fi.com\/parcoursinfo\" style=\"border-radius:37px\">FAIRE UN DON<\/a><\/div>\n<\/div>\n<\/div>\n<\/div>\n","protected":false},"excerpt":{"rendered":"<p>S&rsquo;impliquer avec Parcours&rsquo;Info Rejoignez notre \u00e9quipe m\u00e9dia et contribuez \u00e0 d\u00e9mocratiser l&rsquo;information sur l&rsquo;orientation \u00e9ducative ! Parcours&rsquo;Info est un&nbsp;m\u00e9dia \u00e9ducatif ind\u00e9pendant&nbsp;qui produit des contenus d&rsquo;information sur l&rsquo;orientation scolaire et professionnelle. Notre mission : rendre l&rsquo;information \u00e9ducative accessible \u00e0 tous, partout en France. Notre impact : Comment s&rsquo;impliquer ? Rejoindre l&rsquo;\u00e9quipe de production Cr\u00e9ez avec nous [&hellip;]<\/p>\n","protected":false},"author":1,"featured_media":0,"parent":0,"menu_order":0,"comment_status":"closed","ping_status":"closed","template":"no-title-space","meta":{"footnotes":""},"class_list":["post-341","page","type-page","status-publish","hentry"],"_links":{"self":[{"href":"https:\/\/parcoursinfo.com\/fr\/wp-json\/wp\/v2\/pages\/341","targetHints":{"allow":["GET"]}}],"collection":[{"href":"https:\/\/parcoursinfo.com\/fr\/wp-json\/wp\/v2\/pages"}],"about":[{"href":"https:\/\/parcoursinfo.com\/fr\/wp-json\/wp\/v2\/types\/page"}],"author":[{"embeddable":true,"href":"https:\/\/parcoursinfo.com\/fr\/wp-json\/wp\/v2\/users\/1"}],"replies":[{"embeddable":true,"href":"https:\/\/parcoursinfo.com\/fr\/wp-json\/wp\/v2\/comments?post=341"}],"version-history":[{"count":10,"href":"https:\/\/parcoursinfo.com\/fr\/wp-json\/wp\/v2\/pages\/341\/revisions"}],"predecessor-version":[{"id":400,"href":"https:\/\/parcoursinfo.com\/fr\/wp-json\/wp\/v2\/pages\/341\/revisions\/400"}],"wp:attachment":[{"href":"https:\/\/parcoursinfo.com\/fr\/wp-json\/wp\/v2\/media?parent=341"}],"curies":[{"name":"wp","href":"https:\/\/api.w.org\/{rel}","templated":true}]}}